{"id":1111,"date":"2024-03-22T21:37:04","date_gmt":"2024-03-22T20:37:04","guid":{"rendered":"https:\/\/mhb-store.com\/?post_type=product&#038;p=1111"},"modified":"2026-03-12T05:23:13","modified_gmt":"2026-03-12T04:23:13","slug":"puma-extent-nitro-mono-2","status":"publish","type":"product","link":"https:\/\/mhb-store.com\/index.php\/product\/puma-extent-nitro-mono-2\/","title":{"rendered":"PUMA Extent Nitro Mono"},"content":{"rendered":"<p>HISTOIRE DU PRODUIT<br \/>\nNotre interpr\u00e9tation de l&rsquo;endroit o\u00f9 la technologie rencontre la mode et la performance rencontre le design, l&rsquo;Extent Nitro est dot\u00e9e d&rsquo;une semelle intercalaire l\u00e9g\u00e8re et pleine longueur inject\u00e9e d&rsquo;azote qui est encapsul\u00e9e par une mousse stabilisatrice du talon pour cr\u00e9er un \u00e9quilibre esth\u00e9tique et technique. Dans l&rsquo;it\u00e9ration Mono, la tige en mesh contient une cage en textile thermofusible et des touches r\u00e9fl\u00e9chissantes et est con\u00e7ue et construite autour de l&rsquo;id\u00e9e de la cage, gr\u00e2ce \u00e0 une structure de support cach\u00e9e qui maintient le tissu l\u00e9ger.<\/p>\n<p>CARACT\u00c9RISTIQUES ET AVANTAGES<br \/>\nMousse NITRO : mousse avanc\u00e9e inject\u00e9e d&rsquo;azote con\u00e7ue pour offrir une r\u00e9activit\u00e9 sup\u00e9rieure dans un ensemble extr\u00eamement l\u00e9ger<br \/>\nD\u00c9TAILS<br \/>\nCoupe r\u00e9guli\u00e8re<br \/>\nTige en mesh avec cage textile thermofusible<br \/>\nSuperposition de quartier en cuir textile avec d\u00e9coupe<br \/>\n\u0152illets en cuir textile avec zones en relief<br \/>\n\u0152illets sup\u00e9rieurs en textile nubuck avec lignes en relief<br \/>\nCoups r\u00e9fl\u00e9chissants<br \/>\nSemelle interm\u00e9diaire en mousse NITRO<br \/>\nSemelle ext\u00e9rieure en caoutchouc<br \/>\nChute du talon aux orteils de 14,0 mm<\/p>\n","protected":false},"excerpt":{"rendered":"<p>HISTOIRE DU PRODUIT Notre interpr\u00e9tation de l&rsquo;endroit o\u00f9 la technologie rencontre la mode et la performance rencontre le design, l&rsquo;Extent Nitro est dot\u00e9e d&rsquo;une semelle intercalaire l\u00e9g\u00e8re et pleine longueur inject\u00e9e d&rsquo;azote qui est encapsul\u00e9e par une mousse stabilisatrice du talon pour cr\u00e9er un \u00e9quilibre esth\u00e9tique et technique. Dans l&rsquo;it\u00e9ration Mono, la tige en mesh [&#8230;]\n","protected":false},"featured_media":1911,"comment_status":"open","ping_status":"closed","template":"","meta":{"_acf_changed":false},"pwb-brand":[102],"product_brand":[],"product_cat":[115,156,155,119,118,117],"product_tag":[],"class_list":{"0":"post-1111","1":"product","2":"type-product","3":"status-publish","4":"has-post-thumbnail","6":"pwb-brand-puma","7":"product_cat-chaussures-hommes","8":"product_cat-promo-hommes","9":"product_cat-promo","10":"product_cat-football","11":"product_cat-basket-homme","12":"product_cat-tous-nos-chaussures-hommes","14":"first","15":"instock","16":"sale","17":"shipping-taxable","18":"purchasable","19":"product-type-variable"},"acf":[],"aioseo_notices":[],"jetpack_sharing_enabled":true,"brands":[{"id":102,"name":"PUMA","slug":"puma"}],"_links":{"self":[{"href":"https:\/\/mhb-store.com\/index.php\/wp-json\/wp\/v2\/product\/1111","targetHints":{"allow":["GET"]}}],"collection":[{"href":"https:\/\/mhb-store.com\/index.php\/wp-json\/wp\/v2\/product"}],"about":[{"href":"https:\/\/mhb-store.com\/index.php\/wp-json\/wp\/v2\/types\/product"}],"replies":[{"embeddable":true,"href":"https:\/\/mhb-store.com\/index.php\/wp-json\/wp\/v2\/comments?post=1111"}],"wp:featuredmedia":[{"embeddable":true,"href":"https:\/\/mhb-store.com\/index.php\/wp-json\/wp\/v2\/media\/1911"}],"wp:attachment":[{"href":"https:\/\/mhb-store.com\/index.php\/wp-json\/wp\/v2\/media?parent=1111"}],"wp:term":[{"taxonomy":"pwb-brand","embeddable":true,"href":"https:\/\/mhb-store.com\/index.php\/wp-json\/wp\/v2\/pwb-brand?post=1111"},{"taxonomy":"product_brand","embeddable":true,"href":"https:\/\/mhb-store.com\/index.php\/wp-json\/wp\/v2\/product_brand?post=1111"},{"taxonomy":"product_cat","embeddable":true,"href":"https:\/\/mhb-store.com\/index.php\/wp-json\/wp\/v2\/product_cat?post=1111"},{"taxonomy":"product_tag","embeddable":true,"href":"https:\/\/mhb-store.com\/index.php\/wp-json\/wp\/v2\/product_tag?post=1111"}],"curies":[{"name":"wp","href":"https:\/\/api.w.org\/{rel}","templated":true}]}}