{"id":1178,"date":"2024-03-22T22:16:14","date_gmt":"2024-03-22T21:16:14","guid":{"rendered":"https:\/\/mhb-store.com\/?post_type=product&#038;p=1178"},"modified":"2024-11-17T22:09:23","modified_gmt":"2024-11-17T21:09:23","slug":"puma-rs-x-triple","status":"publish","type":"product","link":"https:\/\/mhb-store.com\/index.php\/product\/puma-rs-x-triple\/","title":{"rendered":"Puma RS-X Triple"},"content":{"rendered":"<p>Baskets Puma RS-X Triple<br \/>\nLa RS-X est de retour. Cette silhouette future-r\u00e9tro a fait des vagues lors de sa sortie en 2018, c\u00e9l\u00e9br\u00e9e pour son design disruptif, ses m\u00e9langes de mat\u00e9riaux frais et ses couleurs audacieuses. Aujourd&rsquo;hui, RS-X revient pour une nouvelle g\u00e9n\u00e9ration de consommateurs qui vivent pour exprimer leur individualit\u00e9. Elle est l\u00e0 pour lancer une r\u00e9volution de l&rsquo;expression de soi. Cette ex\u00e9cution pr\u00e9sente une tige en synth\u00e9tique avec des superpositions de cuir et des d\u00e9tails r\u00e9fl\u00e9chissants.<\/p>\n","protected":false},"excerpt":{"rendered":"<p>Baskets Puma RS-X Triple La RS-X est de retour. Cette silhouette future-r\u00e9tro a fait des vagues lors de sa sortie en 2018, c\u00e9l\u00e9br\u00e9e pour son design disruptif, ses m\u00e9langes de mat\u00e9riaux frais et ses couleurs audacieuses. Aujourd&rsquo;hui, RS-X revient pour une nouvelle g\u00e9n\u00e9ration de consommateurs qui vivent pour exprimer leur individualit\u00e9. Elle est l\u00e0 pour [&#8230;]\n","protected":false},"featured_media":1179,"comment_status":"open","ping_status":"closed","template":"","meta":{"_acf_changed":false},"pwb-brand":[102],"product_brand":[],"product_cat":[115,119,118,117],"product_tag":[],"class_list":{"0":"post-1178","1":"product","2":"type-product","3":"status-publish","4":"has-post-thumbnail","6":"pwb-brand-puma","7":"product_cat-chaussures-hommes","8":"product_cat-football","9":"product_cat-basket-homme","10":"product_cat-tous-nos-chaussures-hommes","12":"first","13":"instock","14":"shipping-taxable","15":"purchasable","16":"product-type-variable"},"acf":[],"aioseo_notices":[],"jetpack_sharing_enabled":true,"brands":[{"id":102,"name":"PUMA","slug":"puma"}],"_links":{"self":[{"href":"https:\/\/mhb-store.com\/index.php\/wp-json\/wp\/v2\/product\/1178","targetHints":{"allow":["GET"]}}],"collection":[{"href":"https:\/\/mhb-store.com\/index.php\/wp-json\/wp\/v2\/product"}],"about":[{"href":"https:\/\/mhb-store.com\/index.php\/wp-json\/wp\/v2\/types\/product"}],"replies":[{"embeddable":true,"href":"https:\/\/mhb-store.com\/index.php\/wp-json\/wp\/v2\/comments?post=1178"}],"wp:featuredmedia":[{"embeddable":true,"href":"https:\/\/mhb-store.com\/index.php\/wp-json\/wp\/v2\/media\/1179"}],"wp:attachment":[{"href":"https:\/\/mhb-store.com\/index.php\/wp-json\/wp\/v2\/media?parent=1178"}],"wp:term":[{"taxonomy":"pwb-brand","embeddable":true,"href":"https:\/\/mhb-store.com\/index.php\/wp-json\/wp\/v2\/pwb-brand?post=1178"},{"taxonomy":"product_brand","embeddable":true,"href":"https:\/\/mhb-store.com\/index.php\/wp-json\/wp\/v2\/product_brand?post=1178"},{"taxonomy":"product_cat","embeddable":true,"href":"https:\/\/mhb-store.com\/index.php\/wp-json\/wp\/v2\/product_cat?post=1178"},{"taxonomy":"product_tag","embeddable":true,"href":"https:\/\/mhb-store.com\/index.php\/wp-json\/wp\/v2\/product_tag?post=1178"}],"curies":[{"name":"wp","href":"https:\/\/api.w.org\/{rel}","templated":true}]}}