{"id":2676,"date":"2024-12-15T20:01:26","date_gmt":"2024-12-15T19:01:26","guid":{"rendered":"https:\/\/mhb-store.com\/?post_type=product&#038;p=2676"},"modified":"2026-03-12T05:04:54","modified_gmt":"2026-03-12T04:04:54","slug":"asics-gel-contenu-9","status":"publish","type":"product","link":"https:\/\/mhb-store.com\/index.php\/product\/asics-gel-contenu-9\/","title":{"rendered":"ASICS GEL-CONTENU 9"},"content":{"rendered":"<p>La chaussure de course GEL-CONTEND\u2122 9 offre un bon amorti neutre et une bonne durabilit\u00e9.<\/p>\n<p>Une tige en mesh technique s&rsquo;\u00e9tire avec le mouvement naturel du pied et cr\u00e9e un ajustement confortable. Parall\u00e8lement, les coutures synth\u00e9tiques sur les superpositions contribuent \u00e0 cr\u00e9er un meilleur maintien du pied.<\/p>\n<p>La semelle interm\u00e9diaire est dot\u00e9e de la technologie GEL\u2122 et de l&rsquo;amorti AMPLIFOAM+. Ces technologies contribuent \u00e0 augmenter la durabilit\u00e9 tout en cr\u00e9ant une sensation plus douce sous le pied.<\/p>\n<p>De plus, une unit\u00e9 de soutien TRUSSTIC\u2122 et une semelle ext\u00e9rieure enveloppante am\u00e9liorent la stabilit\u00e9 tout en permettant \u00e0 vos pieds de bouger librement.<\/p>\n<p>Num\u00e9ro de mod\u00e8le : 1011B881.001<\/p>\n","protected":false},"excerpt":{"rendered":"<p>La chaussure de course GEL-CONTEND\u2122 9 offre un bon amorti neutre et une bonne durabilit\u00e9. Une tige en mesh technique s&rsquo;\u00e9tire avec le mouvement naturel du pied et cr\u00e9e un ajustement confortable. Parall\u00e8lement, les coutures synth\u00e9tiques sur les superpositions contribuent \u00e0 cr\u00e9er un meilleur maintien du pied. La semelle interm\u00e9diaire est dot\u00e9e de la technologie [&#8230;]\n","protected":false},"featured_media":2592,"comment_status":"open","ping_status":"closed","template":"","meta":{"_acf_changed":false},"pwb-brand":[178],"product_brand":[],"product_cat":[115,44,156,155,119,118,117],"product_tag":[],"class_list":{"0":"post-2676","1":"product","2":"type-product","3":"status-publish","4":"has-post-thumbnail","6":"pwb-brand-asics","7":"product_cat-chaussures-hommes","8":"product_cat-hommes","9":"product_cat-promo-hommes","10":"product_cat-promo","11":"product_cat-football","12":"product_cat-basket-homme","13":"product_cat-tous-nos-chaussures-hommes","15":"first","16":"instock","17":"sale","18":"shipping-taxable","19":"purchasable","20":"product-type-variable"},"acf":[],"aioseo_notices":[],"jetpack_sharing_enabled":true,"brands":[{"id":178,"name":"ASICS","slug":"asics"}],"_links":{"self":[{"href":"https:\/\/mhb-store.com\/index.php\/wp-json\/wp\/v2\/product\/2676","targetHints":{"allow":["GET"]}}],"collection":[{"href":"https:\/\/mhb-store.com\/index.php\/wp-json\/wp\/v2\/product"}],"about":[{"href":"https:\/\/mhb-store.com\/index.php\/wp-json\/wp\/v2\/types\/product"}],"replies":[{"embeddable":true,"href":"https:\/\/mhb-store.com\/index.php\/wp-json\/wp\/v2\/comments?post=2676"}],"wp:featuredmedia":[{"embeddable":true,"href":"https:\/\/mhb-store.com\/index.php\/wp-json\/wp\/v2\/media\/2592"}],"wp:attachment":[{"href":"https:\/\/mhb-store.com\/index.php\/wp-json\/wp\/v2\/media?parent=2676"}],"wp:term":[{"taxonomy":"pwb-brand","embeddable":true,"href":"https:\/\/mhb-store.com\/index.php\/wp-json\/wp\/v2\/pwb-brand?post=2676"},{"taxonomy":"product_brand","embeddable":true,"href":"https:\/\/mhb-store.com\/index.php\/wp-json\/wp\/v2\/product_brand?post=2676"},{"taxonomy":"product_cat","embeddable":true,"href":"https:\/\/mhb-store.com\/index.php\/wp-json\/wp\/v2\/product_cat?post=2676"},{"taxonomy":"product_tag","embeddable":true,"href":"https:\/\/mhb-store.com\/index.php\/wp-json\/wp\/v2\/product_tag?post=2676"}],"curies":[{"name":"wp","href":"https:\/\/api.w.org\/{rel}","templated":true}]}}