{"id":2728,"date":"2024-12-15T22:35:31","date_gmt":"2024-12-15T21:35:31","guid":{"rendered":"https:\/\/mhb-store.com\/?post_type=product&#038;p=2728"},"modified":"2026-03-12T04:56:29","modified_gmt":"2026-03-12T03:56:29","slug":"puma-seoul-lth","status":"publish","type":"product","link":"https:\/\/mhb-store.com\/index.php\/product\/puma-seoul-lth\/","title":{"rendered":"Puma Seoul Lth"},"content":{"rendered":"<p>La Puma Seoul Lth est une sneaker au design moderne et \u00e9pur\u00e9, inspir\u00e9e des tendances urbaines. Elle combine cuir de qualit\u00e9 pour une allure premium et des d\u00e9tails subtils pour un style minimaliste. La semelle l\u00e9g\u00e8re offre confort et amorti, id\u00e9ale pour un usage quotidien.<\/p>\n","protected":false},"excerpt":{"rendered":"<p>La Puma Seoul Lth est une sneaker au design moderne et \u00e9pur\u00e9, inspir\u00e9e des tendances urbaines. Elle combine cuir de qualit\u00e9 pour une allure premium et des d\u00e9tails subtils pour un style minimaliste. La semelle l\u00e9g\u00e8re offre confort et amorti, id\u00e9ale pour un usage quotidien.<\/p>\n","protected":false},"featured_media":2636,"comment_status":"open","ping_status":"closed","template":"","meta":{"_acf_changed":false},"pwb-brand":[102],"product_brand":[],"product_cat":[115,156,155,118,117],"product_tag":[],"class_list":{"0":"post-2728","1":"product","2":"type-product","3":"status-publish","4":"has-post-thumbnail","6":"pwb-brand-puma","7":"product_cat-chaussures-hommes","8":"product_cat-promo-hommes","9":"product_cat-promo","10":"product_cat-basket-homme","11":"product_cat-tous-nos-chaussures-hommes","13":"first","14":"instock","15":"sale","16":"shipping-taxable","17":"purchasable","18":"product-type-variable"},"acf":[],"aioseo_notices":[],"jetpack_sharing_enabled":true,"brands":[{"id":102,"name":"PUMA","slug":"puma"}],"_links":{"self":[{"href":"https:\/\/mhb-store.com\/index.php\/wp-json\/wp\/v2\/product\/2728","targetHints":{"allow":["GET"]}}],"collection":[{"href":"https:\/\/mhb-store.com\/index.php\/wp-json\/wp\/v2\/product"}],"about":[{"href":"https:\/\/mhb-store.com\/index.php\/wp-json\/wp\/v2\/types\/product"}],"replies":[{"embeddable":true,"href":"https:\/\/mhb-store.com\/index.php\/wp-json\/wp\/v2\/comments?post=2728"}],"wp:featuredmedia":[{"embeddable":true,"href":"https:\/\/mhb-store.com\/index.php\/wp-json\/wp\/v2\/media\/2636"}],"wp:attachment":[{"href":"https:\/\/mhb-store.com\/index.php\/wp-json\/wp\/v2\/media?parent=2728"}],"wp:term":[{"taxonomy":"pwb-brand","embeddable":true,"href":"https:\/\/mhb-store.com\/index.php\/wp-json\/wp\/v2\/pwb-brand?post=2728"},{"taxonomy":"product_brand","embeddable":true,"href":"https:\/\/mhb-store.com\/index.php\/wp-json\/wp\/v2\/product_brand?post=2728"},{"taxonomy":"product_cat","embeddable":true,"href":"https:\/\/mhb-store.com\/index.php\/wp-json\/wp\/v2\/product_cat?post=2728"},{"taxonomy":"product_tag","embeddable":true,"href":"https:\/\/mhb-store.com\/index.php\/wp-json\/wp\/v2\/product_tag?post=2728"}],"curies":[{"name":"wp","href":"https:\/\/api.w.org\/{rel}","templated":true}]}}