{"id":2734,"date":"2024-12-15T22:40:33","date_gmt":"2024-12-15T21:40:33","guid":{"rendered":"https:\/\/mhb-store.com\/?post_type=product&#038;p=2734"},"modified":"2026-03-12T04:55:21","modified_gmt":"2026-03-12T03:55:21","slug":"puma-r78-trek-lth","status":"publish","type":"product","link":"https:\/\/mhb-store.com\/index.php\/product\/puma-r78-trek-lth\/","title":{"rendered":"PUMA R78 Trek Lth"},"content":{"rendered":"<p>Les baskets R78 Trek Lth soutiennent la marche tendance \u00e0 la maison et \u00e0 l&rsquo;ext\u00e9rieur. Une nouvelle semelle interm\u00e9diaire et une semelle ext\u00e9rieure en caoutchouc durable offrent une protection. Agr\u00e9ment\u00e9e de d\u00e9tails de randonn\u00e9e tels que du ruban adh\u00e9sif et des passepoils, la tige est fabriqu\u00e9e \u00e0 partir de diff\u00e9rents mat\u00e9riaux textur\u00e9s et incarne le style PUMA. La semelle int\u00e9rieure SoftFoam+ offre un amorti sup\u00e9rieur et un confort optimal \u00e0 chaque pas que vous faites. Convient aux hommes et aux femmes.<\/p>\n","protected":false},"excerpt":{"rendered":"<p>Les baskets R78 Trek Lth soutiennent la marche tendance \u00e0 la maison et \u00e0 l&rsquo;ext\u00e9rieur. Une nouvelle semelle interm\u00e9diaire et une semelle ext\u00e9rieure en caoutchouc durable offrent une protection. Agr\u00e9ment\u00e9e de d\u00e9tails de randonn\u00e9e tels que du ruban adh\u00e9sif et des passepoils, la tige est fabriqu\u00e9e \u00e0 partir de diff\u00e9rents mat\u00e9riaux textur\u00e9s et incarne le [&#8230;]\n","protected":false},"featured_media":2611,"comment_status":"open","ping_status":"closed","template":"","meta":{"_acf_changed":false},"pwb-brand":[102],"product_brand":[],"product_cat":[115,156,155,119,118,117],"product_tag":[],"class_list":{"0":"post-2734","1":"product","2":"type-product","3":"status-publish","4":"has-post-thumbnail","6":"pwb-brand-puma","7":"product_cat-chaussures-hommes","8":"product_cat-promo-hommes","9":"product_cat-promo","10":"product_cat-football","11":"product_cat-basket-homme","12":"product_cat-tous-nos-chaussures-hommes","14":"first","15":"instock","16":"sale","17":"shipping-taxable","18":"purchasable","19":"product-type-variable"},"acf":[],"aioseo_notices":[],"jetpack_sharing_enabled":true,"brands":[{"id":102,"name":"PUMA","slug":"puma"}],"_links":{"self":[{"href":"https:\/\/mhb-store.com\/index.php\/wp-json\/wp\/v2\/product\/2734","targetHints":{"allow":["GET"]}}],"collection":[{"href":"https:\/\/mhb-store.com\/index.php\/wp-json\/wp\/v2\/product"}],"about":[{"href":"https:\/\/mhb-store.com\/index.php\/wp-json\/wp\/v2\/types\/product"}],"replies":[{"embeddable":true,"href":"https:\/\/mhb-store.com\/index.php\/wp-json\/wp\/v2\/comments?post=2734"}],"wp:featuredmedia":[{"embeddable":true,"href":"https:\/\/mhb-store.com\/index.php\/wp-json\/wp\/v2\/media\/2611"}],"wp:attachment":[{"href":"https:\/\/mhb-store.com\/index.php\/wp-json\/wp\/v2\/media?parent=2734"}],"wp:term":[{"taxonomy":"pwb-brand","embeddable":true,"href":"https:\/\/mhb-store.com\/index.php\/wp-json\/wp\/v2\/pwb-brand?post=2734"},{"taxonomy":"product_brand","embeddable":true,"href":"https:\/\/mhb-store.com\/index.php\/wp-json\/wp\/v2\/product_brand?post=2734"},{"taxonomy":"product_cat","embeddable":true,"href":"https:\/\/mhb-store.com\/index.php\/wp-json\/wp\/v2\/product_cat?post=2734"},{"taxonomy":"product_tag","embeddable":true,"href":"https:\/\/mhb-store.com\/index.php\/wp-json\/wp\/v2\/product_tag?post=2734"}],"curies":[{"name":"wp","href":"https:\/\/api.w.org\/{rel}","templated":true}]}}