{"id":2772,"date":"2024-12-18T01:22:05","date_gmt":"2024-12-18T00:22:05","guid":{"rendered":"https:\/\/mhb-store.com\/?post_type=product&#038;p=2772"},"modified":"2026-03-12T04:48:36","modified_gmt":"2026-03-12T03:48:36","slug":"puma-carina-2-0","status":"publish","type":"product","link":"https:\/\/mhb-store.com\/index.php\/product\/puma-carina-2-0\/","title":{"rendered":"Puma Carina 2.0"},"content":{"rendered":"<p>La Puma Carina 2.0 est une sneaker casual, id\u00e9ale pour un look d\u00e9contract\u00e9. Inspir\u00e9e du style r\u00e9tro californien, elle se distingue par son design \u00e9pur\u00e9, sa semelle plateforme l\u00e9g\u00e8rement sur\u00e9lev\u00e9e pour un confort optimal, et ses finitions modernes. Polyvalente et tendance, elle s\u2019adapte parfaitement \u00e0 une tenue quotidienne.<\/p>\n","protected":false},"excerpt":{"rendered":"<p>La Puma Carina 2.0 est une sneaker casual, id\u00e9ale pour un look d\u00e9contract\u00e9. Inspir\u00e9e du style r\u00e9tro californien, elle se distingue par son design \u00e9pur\u00e9, sa semelle plateforme l\u00e9g\u00e8rement sur\u00e9lev\u00e9e pour un confort optimal, et ses finitions modernes. Polyvalente et tendance, elle s\u2019adapte parfaitement \u00e0 une tenue quotidienne.<\/p>\n","protected":false},"featured_media":2778,"comment_status":"open","ping_status":"closed","template":"","meta":{"_acf_changed":false},"pwb-brand":[102],"product_brand":[],"product_cat":[131,127,157,130],"product_tag":[],"class_list":{"0":"post-2772","1":"product","2":"type-product","3":"status-publish","4":"has-post-thumbnail","6":"pwb-brand-puma","7":"product_cat-basket-tendance-femme","8":"product_cat-chaussures-femmes","9":"product_cat-promo-femmes","10":"product_cat-toutes-les-chaussures-femme","12":"first","13":"instock","14":"sale","15":"shipping-taxable","16":"purchasable","17":"product-type-variable"},"acf":[],"aioseo_notices":[],"jetpack_sharing_enabled":true,"brands":[{"id":102,"name":"PUMA","slug":"puma"}],"_links":{"self":[{"href":"https:\/\/mhb-store.com\/index.php\/wp-json\/wp\/v2\/product\/2772","targetHints":{"allow":["GET"]}}],"collection":[{"href":"https:\/\/mhb-store.com\/index.php\/wp-json\/wp\/v2\/product"}],"about":[{"href":"https:\/\/mhb-store.com\/index.php\/wp-json\/wp\/v2\/types\/product"}],"replies":[{"embeddable":true,"href":"https:\/\/mhb-store.com\/index.php\/wp-json\/wp\/v2\/comments?post=2772"}],"wp:featuredmedia":[{"embeddable":true,"href":"https:\/\/mhb-store.com\/index.php\/wp-json\/wp\/v2\/media\/2778"}],"wp:attachment":[{"href":"https:\/\/mhb-store.com\/index.php\/wp-json\/wp\/v2\/media?parent=2772"}],"wp:term":[{"taxonomy":"pwb-brand","embeddable":true,"href":"https:\/\/mhb-store.com\/index.php\/wp-json\/wp\/v2\/pwb-brand?post=2772"},{"taxonomy":"product_brand","embeddable":true,"href":"https:\/\/mhb-store.com\/index.php\/wp-json\/wp\/v2\/product_brand?post=2772"},{"taxonomy":"product_cat","embeddable":true,"href":"https:\/\/mhb-store.com\/index.php\/wp-json\/wp\/v2\/product_cat?post=2772"},{"taxonomy":"product_tag","embeddable":true,"href":"https:\/\/mhb-store.com\/index.php\/wp-json\/wp\/v2\/product_tag?post=2772"}],"curies":[{"name":"wp","href":"https:\/\/api.w.org\/{rel}","templated":true}]}}