{"id":2892,"date":"2024-12-18T03:12:01","date_gmt":"2024-12-18T02:12:01","guid":{"rendered":"https:\/\/mhb-store.com\/?post_type=product&#038;p=2892"},"modified":"2026-03-12T04:47:26","modified_gmt":"2026-03-12T03:47:26","slug":"puma-smash-3-0-l","status":"publish","type":"product","link":"https:\/\/mhb-store.com\/index.php\/product\/puma-smash-3-0-l\/","title":{"rendered":"Puma Smash 3.0 L"},"content":{"rendered":"<p>La Puma Smash 3.0 L est une chaussure au design \u00e9pur\u00e9 et intemporel. Son cuir synth\u00e9tique de qualit\u00e9 assure confort et durabilit\u00e9, tandis que la semelle en caoutchouc offre une excellente adh\u00e9rence. Avec son style minimaliste, elle s\u2019adapte facilement \u00e0 toutes les tenues, que ce soit pour une sortie d\u00e9contract\u00e9e ou une journ\u00e9e active. Les touches de branding Puma ajoutent une note sportive et chic. Une pi\u00e8ce incontournable pour toute garde-robe moderne<\/p>\n","protected":false},"excerpt":{"rendered":"<p>La Puma Smash 3.0 L est une chaussure au design \u00e9pur\u00e9 et intemporel. Son cuir synth\u00e9tique de qualit\u00e9 assure confort et durabilit\u00e9, tandis que la semelle en caoutchouc offre une excellente adh\u00e9rence. Avec son style minimaliste, elle s\u2019adapte facilement \u00e0 toutes les tenues, que ce soit pour une sortie d\u00e9contract\u00e9e ou une journ\u00e9e active. Les [&#8230;]\n","protected":false},"featured_media":2821,"comment_status":"open","ping_status":"closed","template":"","meta":{"_acf_changed":false},"pwb-brand":[102],"product_brand":[],"product_cat":[131,127,157,155,130],"product_tag":[],"class_list":{"0":"post-2892","1":"product","2":"type-product","3":"status-publish","4":"has-post-thumbnail","6":"pwb-brand-puma","7":"product_cat-basket-tendance-femme","8":"product_cat-chaussures-femmes","9":"product_cat-promo-femmes","10":"product_cat-promo","11":"product_cat-toutes-les-chaussures-femme","13":"first","14":"instock","15":"sale","16":"shipping-taxable","17":"purchasable","18":"product-type-variable"},"acf":[],"aioseo_notices":[],"jetpack_sharing_enabled":true,"brands":[{"id":102,"name":"PUMA","slug":"puma"}],"_links":{"self":[{"href":"https:\/\/mhb-store.com\/index.php\/wp-json\/wp\/v2\/product\/2892","targetHints":{"allow":["GET"]}}],"collection":[{"href":"https:\/\/mhb-store.com\/index.php\/wp-json\/wp\/v2\/product"}],"about":[{"href":"https:\/\/mhb-store.com\/index.php\/wp-json\/wp\/v2\/types\/product"}],"replies":[{"embeddable":true,"href":"https:\/\/mhb-store.com\/index.php\/wp-json\/wp\/v2\/comments?post=2892"}],"wp:featuredmedia":[{"embeddable":true,"href":"https:\/\/mhb-store.com\/index.php\/wp-json\/wp\/v2\/media\/2821"}],"wp:attachment":[{"href":"https:\/\/mhb-store.com\/index.php\/wp-json\/wp\/v2\/media?parent=2892"}],"wp:term":[{"taxonomy":"pwb-brand","embeddable":true,"href":"https:\/\/mhb-store.com\/index.php\/wp-json\/wp\/v2\/pwb-brand?post=2892"},{"taxonomy":"product_brand","embeddable":true,"href":"https:\/\/mhb-store.com\/index.php\/wp-json\/wp\/v2\/product_brand?post=2892"},{"taxonomy":"product_cat","embeddable":true,"href":"https:\/\/mhb-store.com\/index.php\/wp-json\/wp\/v2\/product_cat?post=2892"},{"taxonomy":"product_tag","embeddable":true,"href":"https:\/\/mhb-store.com\/index.php\/wp-json\/wp\/v2\/product_tag?post=2892"}],"curies":[{"name":"wp","href":"https:\/\/api.w.org\/{rel}","templated":true}]}}