{"id":2922,"date":"2024-12-18T03:27:44","date_gmt":"2024-12-18T02:27:44","guid":{"rendered":"https:\/\/mhb-store.com\/?post_type=product&#038;p=2922"},"modified":"2026-03-15T02:13:43","modified_gmt":"2026-03-15T01:13:43","slug":"puma-flexfocus-lite-2","status":"publish","type":"product","link":"https:\/\/mhb-store.com\/index.php\/product\/puma-flexfocus-lite-2\/","title":{"rendered":"PUMA FlexFocus Lite"},"content":{"rendered":"<p>Le Flex Focus Lite , la nouvelle r\u00e9f\u00e9rence en mati\u00e8re de chaussures de running. Sa semelle r\u00e9volutionnaire, \u00e9quip\u00e9e de rainures de flexion g\u00e9n\u00e9reuses et d&rsquo;une couverture en caoutchouc strat\u00e9gique, offre un soutien optimal et une flexibilit\u00e9 in\u00e9gal\u00e9e. Son design audacieux et sa l\u00e9g\u00e8ret\u00e9 en font une chaussure \u00e0 la fois performante et styl\u00e9e<\/p>\n","protected":false},"excerpt":{"rendered":"<p>Le Flex Focus Lite , la nouvelle r\u00e9f\u00e9rence en mati\u00e8re de chaussures de running. Sa semelle r\u00e9volutionnaire, \u00e9quip\u00e9e de rainures de flexion g\u00e9n\u00e9reuses et d&rsquo;une couverture en caoutchouc strat\u00e9gique, offre un soutien optimal et une flexibilit\u00e9 in\u00e9gal\u00e9e. Son design audacieux et sa l\u00e9g\u00e8ret\u00e9 en font une chaussure \u00e0 la fois performante et styl\u00e9e<\/p>\n","protected":false},"featured_media":2843,"comment_status":"open","ping_status":"closed","template":"","meta":{"_acf_changed":false},"pwb-brand":[102],"product_brand":[],"product_cat":[145,131,127,143,157,155,132,130],"product_tag":[],"class_list":{"0":"post-2922","1":"product","2":"type-product","3":"status-publish","4":"has-post-thumbnail","6":"pwb-brand-puma","7":"product_cat-ados36-42","8":"product_cat-basket-tendance-femme","9":"product_cat-chaussures-femmes","10":"product_cat-chaussures-pour-enfants","11":"product_cat-promo-femmes","12":"product_cat-promo","13":"product_cat-running-femme","14":"product_cat-toutes-les-chaussures-femme","16":"first","17":"instock","18":"sale","19":"shipping-taxable","20":"purchasable","21":"product-type-variable"},"acf":[],"aioseo_notices":[],"jetpack_sharing_enabled":true,"brands":[{"id":102,"name":"PUMA","slug":"puma"}],"_links":{"self":[{"href":"https:\/\/mhb-store.com\/index.php\/wp-json\/wp\/v2\/product\/2922","targetHints":{"allow":["GET"]}}],"collection":[{"href":"https:\/\/mhb-store.com\/index.php\/wp-json\/wp\/v2\/product"}],"about":[{"href":"https:\/\/mhb-store.com\/index.php\/wp-json\/wp\/v2\/types\/product"}],"replies":[{"embeddable":true,"href":"https:\/\/mhb-store.com\/index.php\/wp-json\/wp\/v2\/comments?post=2922"}],"wp:featuredmedia":[{"embeddable":true,"href":"https:\/\/mhb-store.com\/index.php\/wp-json\/wp\/v2\/media\/2843"}],"wp:attachment":[{"href":"https:\/\/mhb-store.com\/index.php\/wp-json\/wp\/v2\/media?parent=2922"}],"wp:term":[{"taxonomy":"pwb-brand","embeddable":true,"href":"https:\/\/mhb-store.com\/index.php\/wp-json\/wp\/v2\/pwb-brand?post=2922"},{"taxonomy":"product_brand","embeddable":true,"href":"https:\/\/mhb-store.com\/index.php\/wp-json\/wp\/v2\/product_brand?post=2922"},{"taxonomy":"product_cat","embeddable":true,"href":"https:\/\/mhb-store.com\/index.php\/wp-json\/wp\/v2\/product_cat?post=2922"},{"taxonomy":"product_tag","embeddable":true,"href":"https:\/\/mhb-store.com\/index.php\/wp-json\/wp\/v2\/product_tag?post=2922"}],"curies":[{"name":"wp","href":"https:\/\/api.w.org\/{rel}","templated":true}]}}