{"id":400,"date":"2024-03-08T03:42:14","date_gmt":"2024-03-08T02:42:14","guid":{"rendered":"https:\/\/mhb-store.com\/?post_type=product&#038;p=400"},"modified":"2026-03-12T05:38:58","modified_gmt":"2026-03-12T04:38:58","slug":"nike-air-huarache-black-neon","status":"publish","type":"product","link":"https:\/\/mhb-store.com\/index.php\/product\/nike-air-huarache-black-neon\/","title":{"rendered":"Nike Air Huarache Black Neon"},"content":{"rendered":"<p>Ajustement parfait, confort et design qui ont conquis les rues &#8211; les baskets Nike Huarache sont les pr\u00e9f\u00e9r\u00e9es du monde du streetwear. Le mod\u00e8le poss\u00e8de une tige souple en forme de chaussette, renforc\u00e9e par des \u00e9l\u00e9ments en cuir naturel. Une superposition de talon spectaculaire donne aux chaussures un look futuriste et original. Le design est compl\u00e9t\u00e9 par des boucles Swoosh cousues au talon et un logo Huarache caoutchout\u00e9 sur la languette. Le syst\u00e8me d&rsquo;amorti Nike Air garantit un confort et une sensation de l\u00e9g\u00e8ret\u00e9.<\/p>\n<p>Tige : mati\u00e8re textile, cuir naturel, mati\u00e8re synth\u00e9tique<br \/>\nDoublure : mati\u00e8re textile<br \/>\nSemelle : caoutchouc<\/p>\n<p>Code du fabricant : DZ4499-001<\/p>\n","protected":false},"excerpt":{"rendered":"<p>Ajustement parfait, confort et design qui ont conquis les rues &#8211; les baskets Nike Huarache sont les pr\u00e9f\u00e9r\u00e9es du monde du streetwear. Le mod\u00e8le poss\u00e8de une tige souple en forme de chaussette, renforc\u00e9e par des \u00e9l\u00e9ments en cuir naturel. Une superposition de talon spectaculaire donne aux chaussures un look futuriste et original. Le design est [&#8230;]\n","protected":false},"featured_media":403,"comment_status":"open","ping_status":"closed","template":"","meta":{"_acf_changed":false},"pwb-brand":[99],"product_brand":[],"product_cat":[115,44,156,119,118,117],"product_tag":[],"class_list":{"0":"post-400","1":"product","2":"type-product","3":"status-publish","4":"has-post-thumbnail","6":"pwb-brand-nike","7":"product_cat-chaussures-hommes","8":"product_cat-hommes","9":"product_cat-promo-hommes","10":"product_cat-football","11":"product_cat-basket-homme","12":"product_cat-tous-nos-chaussures-hommes","14":"first","15":"instock","16":"sale","17":"shipping-taxable","18":"purchasable","19":"product-type-variable"},"acf":[],"aioseo_notices":[],"jetpack_sharing_enabled":true,"brands":[{"id":99,"name":"Nike","slug":"nike"}],"_links":{"self":[{"href":"https:\/\/mhb-store.com\/index.php\/wp-json\/wp\/v2\/product\/400","targetHints":{"allow":["GET"]}}],"collection":[{"href":"https:\/\/mhb-store.com\/index.php\/wp-json\/wp\/v2\/product"}],"about":[{"href":"https:\/\/mhb-store.com\/index.php\/wp-json\/wp\/v2\/types\/product"}],"replies":[{"embeddable":true,"href":"https:\/\/mhb-store.com\/index.php\/wp-json\/wp\/v2\/comments?post=400"}],"wp:featuredmedia":[{"embeddable":true,"href":"https:\/\/mhb-store.com\/index.php\/wp-json\/wp\/v2\/media\/403"}],"wp:attachment":[{"href":"https:\/\/mhb-store.com\/index.php\/wp-json\/wp\/v2\/media?parent=400"}],"wp:term":[{"taxonomy":"pwb-brand","embeddable":true,"href":"https:\/\/mhb-store.com\/index.php\/wp-json\/wp\/v2\/pwb-brand?post=400"},{"taxonomy":"product_brand","embeddable":true,"href":"https:\/\/mhb-store.com\/index.php\/wp-json\/wp\/v2\/product_brand?post=400"},{"taxonomy":"product_cat","embeddable":true,"href":"https:\/\/mhb-store.com\/index.php\/wp-json\/wp\/v2\/product_cat?post=400"},{"taxonomy":"product_tag","embeddable":true,"href":"https:\/\/mhb-store.com\/index.php\/wp-json\/wp\/v2\/product_tag?post=400"}],"curies":[{"name":"wp","href":"https:\/\/api.w.org\/{rel}","templated":true}]}}