{"id":461,"date":"2024-03-10T02:42:02","date_gmt":"2024-03-10T01:42:02","guid":{"rendered":"https:\/\/mhb-store.com\/?post_type=product&#038;p=461"},"modified":"2025-01-08T14:45:02","modified_gmt":"2025-01-08T13:45:02","slug":"sac-a-bandouliere-nike-essential-air-max-1litre","status":"publish","type":"product","link":"https:\/\/mhb-store.com\/index.php\/product\/sac-a-bandouliere-nike-essential-air-max-1litre\/","title":{"rendered":"Sac \u00e0 bandouli\u00e8re Nike Essential Air Max 1Litre"},"content":{"rendered":"<p>Composition :<br \/>\n100% textile<\/p>\n<p>Inspir\u00e9 des Air Max.<\/p>\n<p>Prenez l&rsquo;essentiel et sortez avec style gr\u00e2ce au sac \u00e0 bandouli\u00e8re Nike Sportswear Essential. S&rsquo;inspirant du design de vos baskets Air Max pr\u00e9f\u00e9r\u00e9es, il est con\u00e7u pour garder vos petits objets organis\u00e9s et accessibles. La sangle et la boucle r\u00e9glables facilitent le style, l&rsquo;enfilage et le retrait.<\/p>\n<p>&#8211; Le compartiment de rangement interne permet de ranger et de saisir facilement votre portefeuille ou votre t\u00e9l\u00e9phone.<br \/>\n&#8211; La sangle r\u00e9glable offre des options de style et d&rsquo;ajustement.<\/p>\n","protected":false},"excerpt":{"rendered":"<p>Composition : 100% textile Inspir\u00e9 des Air Max. Prenez l&rsquo;essentiel et sortez avec style gr\u00e2ce au sac \u00e0 bandouli\u00e8re Nike Sportswear Essential. S&rsquo;inspirant du design de vos baskets Air Max pr\u00e9f\u00e9r\u00e9es, il est con\u00e7u pour garder vos petits objets organis\u00e9s et accessibles. La sangle et la boucle r\u00e9glables facilitent le style, l&rsquo;enfilage et le retrait. [&#8230;]\n","protected":false},"featured_media":463,"comment_status":"open","ping_status":"closed","template":"","meta":{"_acf_changed":false},"pwb-brand":[99],"product_brand":[],"product_cat":[144,116,123,151,125],"product_tag":[],"class_list":{"0":"post-461","1":"product","2":"type-product","3":"status-publish","4":"has-post-thumbnail","6":"pwb-brand-nike","7":"product_cat-accessoire-pour-enfant","8":"product_cat-accessoires-hommes","9":"product_cat-sac-a-dos-saccoche","10":"product_cat-sac-a-dos-et-autre-enfant","11":"product_cat-tous-les-accessoires-homme","13":"first","14":"outofstock","15":"shipping-taxable","16":"purchasable","17":"product-type-simple"},"acf":[],"aioseo_notices":[],"jetpack_sharing_enabled":true,"brands":[{"id":99,"name":"Nike","slug":"nike"}],"_links":{"self":[{"href":"https:\/\/mhb-store.com\/index.php\/wp-json\/wp\/v2\/product\/461","targetHints":{"allow":["GET"]}}],"collection":[{"href":"https:\/\/mhb-store.com\/index.php\/wp-json\/wp\/v2\/product"}],"about":[{"href":"https:\/\/mhb-store.com\/index.php\/wp-json\/wp\/v2\/types\/product"}],"replies":[{"embeddable":true,"href":"https:\/\/mhb-store.com\/index.php\/wp-json\/wp\/v2\/comments?post=461"}],"wp:featuredmedia":[{"embeddable":true,"href":"https:\/\/mhb-store.com\/index.php\/wp-json\/wp\/v2\/media\/463"}],"wp:attachment":[{"href":"https:\/\/mhb-store.com\/index.php\/wp-json\/wp\/v2\/media?parent=461"}],"wp:term":[{"taxonomy":"pwb-brand","embeddable":true,"href":"https:\/\/mhb-store.com\/index.php\/wp-json\/wp\/v2\/pwb-brand?post=461"},{"taxonomy":"product_brand","embeddable":true,"href":"https:\/\/mhb-store.com\/index.php\/wp-json\/wp\/v2\/product_brand?post=461"},{"taxonomy":"product_cat","embeddable":true,"href":"https:\/\/mhb-store.com\/index.php\/wp-json\/wp\/v2\/product_cat?post=461"},{"taxonomy":"product_tag","embeddable":true,"href":"https:\/\/mhb-store.com\/index.php\/wp-json\/wp\/v2\/product_tag?post=461"}],"curies":[{"name":"wp","href":"https:\/\/api.w.org\/{rel}","templated":true}]}}