{"id":467,"date":"2024-03-10T02:48:37","date_gmt":"2024-03-10T01:48:37","guid":{"rendered":"https:\/\/mhb-store.com\/?post_type=product&#038;p=467"},"modified":"2024-03-10T02:50:03","modified_gmt":"2024-03-10T01:50:03","slug":"bonnet-jordan-jumpman-menotte","status":"publish","type":"product","link":"https:\/\/mhb-store.com\/index.php\/product\/bonnet-jordan-jumpman-menotte\/","title":{"rendered":"Bonnet Jordan. Jumpman menott\u00e9"},"content":{"rendered":"<p>R\u00e9chauffez-vous rapidement avec le bonnet \u00e0 revers Jordan. Il est fabriqu\u00e9 \u00e0 partir de fils acryliques multicolores qui le rendent doux, extensible et confortable.<\/p>\n","protected":false},"excerpt":{"rendered":"<p>R\u00e9chauffez-vous rapidement avec le bonnet \u00e0 revers Jordan. Il est fabriqu\u00e9 \u00e0 partir de fils acryliques multicolores qui le rendent doux, extensible et confortable.<\/p>\n","protected":false},"featured_media":468,"comment_status":"open","ping_status":"closed","template":"","meta":{"_acf_changed":false},"pwb-brand":[99],"product_brand":[],"product_cat":[121,135,157,156,138,125],"product_tag":[],"class_list":{"0":"post-467","1":"product","2":"type-product","3":"status-publish","4":"has-post-thumbnail","6":"pwb-brand-nike","7":"product_cat-cap-bob","8":"product_cat-chapeau-et-casqeutte-femme","9":"product_cat-promo-femmes","10":"product_cat-promo-hommes","11":"product_cat-tous-les-accessoires-femmes","12":"product_cat-tous-les-accessoires-homme","14":"first","15":"instock","16":"sale","17":"shipping-taxable","18":"purchasable","19":"product-type-simple"},"acf":[],"aioseo_notices":[],"jetpack_sharing_enabled":true,"brands":[{"id":99,"name":"Nike","slug":"nike"}],"_links":{"self":[{"href":"https:\/\/mhb-store.com\/index.php\/wp-json\/wp\/v2\/product\/467","targetHints":{"allow":["GET"]}}],"collection":[{"href":"https:\/\/mhb-store.com\/index.php\/wp-json\/wp\/v2\/product"}],"about":[{"href":"https:\/\/mhb-store.com\/index.php\/wp-json\/wp\/v2\/types\/product"}],"replies":[{"embeddable":true,"href":"https:\/\/mhb-store.com\/index.php\/wp-json\/wp\/v2\/comments?post=467"}],"wp:featuredmedia":[{"embeddable":true,"href":"https:\/\/mhb-store.com\/index.php\/wp-json\/wp\/v2\/media\/468"}],"wp:attachment":[{"href":"https:\/\/mhb-store.com\/index.php\/wp-json\/wp\/v2\/media?parent=467"}],"wp:term":[{"taxonomy":"pwb-brand","embeddable":true,"href":"https:\/\/mhb-store.com\/index.php\/wp-json\/wp\/v2\/pwb-brand?post=467"},{"taxonomy":"product_brand","embeddable":true,"href":"https:\/\/mhb-store.com\/index.php\/wp-json\/wp\/v2\/product_brand?post=467"},{"taxonomy":"product_cat","embeddable":true,"href":"https:\/\/mhb-store.com\/index.php\/wp-json\/wp\/v2\/product_cat?post=467"},{"taxonomy":"product_tag","embeddable":true,"href":"https:\/\/mhb-store.com\/index.php\/wp-json\/wp\/v2\/product_tag?post=467"}],"curies":[{"name":"wp","href":"https:\/\/api.w.org\/{rel}","templated":true}]}}