{"id":520,"date":"2024-03-15T17:48:22","date_gmt":"2024-03-15T16:48:22","guid":{"rendered":"https:\/\/mhb-store.com\/?post_type=product&#038;p=520"},"modified":"2024-09-18T19:26:09","modified_gmt":"2024-09-18T17:26:09","slug":"puma-carina-2-0-lux","status":"publish","type":"product","link":"https:\/\/mhb-store.com\/index.php\/product\/puma-carina-2-0-lux\/","title":{"rendered":"Puma Carina 2.0 Lux"},"content":{"rendered":"<p>HISTOIRE DU PRODUIT<br \/>\nPartez dans la rue avec des chaussures d&rsquo;inspiration r\u00e9tro con\u00e7ues pour aujourd&rsquo;hui. La tige en cuir perfor\u00e9 et la semelle int\u00e9rieure SoftFoam+ du Carina 2.0 Lux offrent un confort instantan\u00e9 pour parcourir les boulevards en bord de mer et les rues de la ville, tandis que son design classique des ann\u00e9es 80 assure une fra\u00eecheur californienne d\u00e9contract\u00e9e \u00e0 chaque pas \u00e9l\u00e9gant.<\/p>\n<p>CARACT\u00c9RISTIQUES ET AVANTAGES<br \/>\nLes produits en cuir de PUMA soutiennent une fabrication responsable via le Leather Working Group. www.leatherworkinggroup.com<br \/>\nD\u00c9TAILS<br \/>\nTige en cuir avec empeigne perfor\u00e9e<br \/>\nSemelle interm\u00e9diaire en EVA et TPU<br \/>\nLa semelle int\u00e9rieure SoftFoam+ offre amorti et confort \u00e0 porter toute la journ\u00e9e<br \/>\nDes lignes verticales plus larges et le logo PUMA sur le talon ajoutent une touche unique au design<br \/>\nPUMA Formstrip sur les c\u00f4t\u00e9s lat\u00e9raux<\/p>\n","protected":false},"excerpt":{"rendered":"<p>HISTOIRE DU PRODUIT Partez dans la rue avec des chaussures d&rsquo;inspiration r\u00e9tro con\u00e7ues pour aujourd&rsquo;hui. La tige en cuir perfor\u00e9 et la semelle int\u00e9rieure SoftFoam+ du Carina 2.0 Lux offrent un confort instantan\u00e9 pour parcourir les boulevards en bord de mer et les rues de la ville, tandis que son design classique des ann\u00e9es 80 [&#8230;]\n","protected":false},"featured_media":521,"comment_status":"open","ping_status":"closed","template":"","meta":{"_acf_changed":false},"pwb-brand":[102],"product_brand":[],"product_cat":[131,127,126,157,130],"product_tag":[],"class_list":{"0":"post-520","1":"product","2":"type-product","3":"status-publish","4":"has-post-thumbnail","6":"pwb-brand-puma","7":"product_cat-basket-tendance-femme","8":"product_cat-chaussures-femmes","9":"product_cat-femme","10":"product_cat-promo-femmes","11":"product_cat-toutes-les-chaussures-femme","13":"first","14":"outofstock","15":"sale","16":"shipping-taxable","17":"purchasable","18":"product-type-variable"},"acf":[],"aioseo_notices":[],"jetpack_sharing_enabled":true,"brands":[{"id":102,"name":"PUMA","slug":"puma"}],"_links":{"self":[{"href":"https:\/\/mhb-store.com\/index.php\/wp-json\/wp\/v2\/product\/520","targetHints":{"allow":["GET"]}}],"collection":[{"href":"https:\/\/mhb-store.com\/index.php\/wp-json\/wp\/v2\/product"}],"about":[{"href":"https:\/\/mhb-store.com\/index.php\/wp-json\/wp\/v2\/types\/product"}],"replies":[{"embeddable":true,"href":"https:\/\/mhb-store.com\/index.php\/wp-json\/wp\/v2\/comments?post=520"}],"wp:featuredmedia":[{"embeddable":true,"href":"https:\/\/mhb-store.com\/index.php\/wp-json\/wp\/v2\/media\/521"}],"wp:attachment":[{"href":"https:\/\/mhb-store.com\/index.php\/wp-json\/wp\/v2\/media?parent=520"}],"wp:term":[{"taxonomy":"pwb-brand","embeddable":true,"href":"https:\/\/mhb-store.com\/index.php\/wp-json\/wp\/v2\/pwb-brand?post=520"},{"taxonomy":"product_brand","embeddable":true,"href":"https:\/\/mhb-store.com\/index.php\/wp-json\/wp\/v2\/product_brand?post=520"},{"taxonomy":"product_cat","embeddable":true,"href":"https:\/\/mhb-store.com\/index.php\/wp-json\/wp\/v2\/product_cat?post=520"},{"taxonomy":"product_tag","embeddable":true,"href":"https:\/\/mhb-store.com\/index.php\/wp-json\/wp\/v2\/product_tag?post=520"}],"curies":[{"name":"wp","href":"https:\/\/api.w.org\/{rel}","templated":true}]}}