{"id":534,"date":"2024-03-15T18:36:28","date_gmt":"2024-03-15T17:36:28","guid":{"rendered":"https:\/\/mhb-store.com\/?post_type=product&#038;p=534"},"modified":"2024-12-17T21:23:16","modified_gmt":"2024-12-17T20:23:16","slug":"carina-2-0-tropical-jr","status":"publish","type":"product","link":"https:\/\/mhb-store.com\/index.php\/product\/carina-2-0-tropical-jr\/","title":{"rendered":"Carina 2.0 Tropical Jr"},"content":{"rendered":"<p>Les baskets Puma Carina 2.0 Tropical font partie de la campagne Forever Better , sa priorit\u00e9 est de r\u00e9duire l&#8217;empreinte \u00e9cologique n\u00e9gative sur notre plan\u00e8te.<\/p>\n<p>Le mod\u00e8le impressionne par un design distinctif et des d\u00e9tails d\u00e9licats, inspir\u00e9s de l&rsquo;ambiance de plage californienne populaire dans les ann\u00e9es 80.<\/p>\n<p>La partie sup\u00e9rieure est en cuir \u00e9cologique, extr\u00eamement facile \u00e0 nettoyer et \u00e0 entretenir. La construction est renforc\u00e9e par des \u00e9l\u00e9ments cousus dans des zones cl\u00e9s pour plus de solidit\u00e9 et de durabilit\u00e9.<\/p>\n<p>La silhouette rentr\u00e9e s&rsquo;associe aux mati\u00e8res douces qui composent l&rsquo;int\u00e9rieur de la chaussure.<\/p>\n<p>La semelle est en caoutchouc vulcanis\u00e9, extr\u00eamement r\u00e9sistant.<\/p>\n<p>Osez \u00eatre une star dans votre quotidien avec la Puma Carina 2.0 Tropical ! <\/p>\n<p>Couleur  blanche<\/p>\n<p>COMPOSITION :  Partie ext\u00e9rieure &#8211; cuir \u00e9cologique, Partie int\u00e9rieure &#8211; textile<\/p>\n","protected":false},"excerpt":{"rendered":"<p>Les baskets Puma Carina 2.0 Tropical font partie de la campagne Forever Better , sa priorit\u00e9 est de r\u00e9duire l&#8217;empreinte \u00e9cologique n\u00e9gative sur notre plan\u00e8te. Le mod\u00e8le impressionne par un design distinctif et des d\u00e9tails d\u00e9licats, inspir\u00e9s de l&rsquo;ambiance de plage californienne populaire dans les ann\u00e9es 80. La partie sup\u00e9rieure est en cuir \u00e9cologique, extr\u00eamement [&#8230;]\n","protected":false},"featured_media":541,"comment_status":"open","ping_status":"closed","template":"","meta":{"_acf_changed":false},"pwb-brand":[102],"product_brand":[],"product_cat":[145,131,127,158,157],"product_tag":[],"class_list":{"0":"post-534","1":"product","2":"type-product","3":"status-publish","4":"has-post-thumbnail","6":"pwb-brand-puma","7":"product_cat-ados36-42","8":"product_cat-basket-tendance-femme","9":"product_cat-chaussures-femmes","10":"product_cat-promo-enfant","11":"product_cat-promo-femmes","13":"first","14":"instock","15":"sale","16":"shipping-taxable","17":"purchasable","18":"product-type-variable"},"acf":[],"aioseo_notices":[],"jetpack_sharing_enabled":true,"brands":[{"id":102,"name":"PUMA","slug":"puma"}],"_links":{"self":[{"href":"https:\/\/mhb-store.com\/index.php\/wp-json\/wp\/v2\/product\/534","targetHints":{"allow":["GET"]}}],"collection":[{"href":"https:\/\/mhb-store.com\/index.php\/wp-json\/wp\/v2\/product"}],"about":[{"href":"https:\/\/mhb-store.com\/index.php\/wp-json\/wp\/v2\/types\/product"}],"replies":[{"embeddable":true,"href":"https:\/\/mhb-store.com\/index.php\/wp-json\/wp\/v2\/comments?post=534"}],"wp:featuredmedia":[{"embeddable":true,"href":"https:\/\/mhb-store.com\/index.php\/wp-json\/wp\/v2\/media\/541"}],"wp:attachment":[{"href":"https:\/\/mhb-store.com\/index.php\/wp-json\/wp\/v2\/media?parent=534"}],"wp:term":[{"taxonomy":"pwb-brand","embeddable":true,"href":"https:\/\/mhb-store.com\/index.php\/wp-json\/wp\/v2\/pwb-brand?post=534"},{"taxonomy":"product_brand","embeddable":true,"href":"https:\/\/mhb-store.com\/index.php\/wp-json\/wp\/v2\/product_brand?post=534"},{"taxonomy":"product_cat","embeddable":true,"href":"https:\/\/mhb-store.com\/index.php\/wp-json\/wp\/v2\/product_cat?post=534"},{"taxonomy":"product_tag","embeddable":true,"href":"https:\/\/mhb-store.com\/index.php\/wp-json\/wp\/v2\/product_tag?post=534"}],"curies":[{"name":"wp","href":"https:\/\/api.w.org\/{rel}","templated":true}]}}