{"id":713,"date":"2024-03-18T00:42:03","date_gmt":"2024-03-17T23:42:03","guid":{"rendered":"https:\/\/mhb-store.com\/?post_type=product&#038;p=713"},"modified":"2024-11-08T21:10:38","modified_gmt":"2024-11-08T20:10:38","slug":"nike-victori-one-slide-2","status":"publish","type":"product","link":"https:\/\/mhb-store.com\/index.php\/product\/nike-victori-one-slide-2\/","title":{"rendered":"Nike victori one slide"},"content":{"rendered":"<p><strong style=\"--tw-border-spacing-x: 0;--tw-border-spacing-y: 0;--tw-translate-x: 0;--tw-translate-y: 0;--tw-rotate: 0;--tw-skew-x: 0;--tw-skew-y: 0;--tw-scale-x: 1;--tw-scale-y: 1;--tw-pan-x;--tw-pan-y;--tw-pinch-zoom;--tw-scroll-snap-strictness: proximity;--tw-gradient-from-position;--tw-gradient-via-position;--tw-gradient-to-position;--tw-ordinal;--tw-slashed-zero;--tw-numeric-figure;--tw-numeric-spacing;--tw-numeric-fraction;--tw-ring-inset;--tw-ring-offset-width: 0px;--tw-ring-offset-color: #fff;--tw-ring-color: #3b82f680;--tw-ring-offset-shadow: 0 0 #0000;--tw-ring-shadow: 0 0 #0000;--tw-shadow: 0 0 #0000;--tw-shadow-colored: 0 0 #0000;--tw-blur;--tw-brightness;--tw-contrast;--tw-grayscale;--tw-hue-rotate;--tw-invert;--tw-saturate;--tw-sepia;--tw-drop-shadow;--tw-backdrop-blur;--tw-backdrop-brightness;--tw-backdrop-contrast;--tw-backdrop-grayscale;--tw-backdrop-hue-rotate;--tw-backdrop-invert;--tw-backdrop-opacity;--tw-backdrop-saturate;--tw-backdrop-sepia;font-weight: bolder\">UN CONFORT L\u00c9GENDAIRE REVISIT\u00c9<\/strong><\/p>\n<p>Les claquettes Nike Victori One revisitent un classique qui vous accompagnera de la plage aux gradins. L\u00e9g\u00e8re, confortable et facile \u00e0 porter, elle pr\u00e9sente une nouvelle mousse, plus souple et plus r\u00e9active. Le motif adh\u00e9rent enveloppe et maintient votre pied en place, tandis que le nouveau strap rembourr\u00e9 est confortable et styl\u00e9.<\/p>\n<p>Avantages :<\/p>\n<p>\u2022 La nouvelle mousse plus souple et l\u2019amorti m\u00e9canique offrent une r\u00e9activit\u00e9 et un confort exceptionnels au quotidien.<br \/>\n\u2022 La semelle int\u00e9rieure profil\u00e9e enveloppe votre pied, tandis que le motif d\u2019adh\u00e9rence permet de le maintenir en place.<br \/>\n\u2022 Le bord sup\u00e9rieur du strap pr\u00e9sente un revers pour encore plus de confort, tandis que le rembourrage \u00e9pais est doux au toucher.<br \/>\n\u2022 La nouvelle conception du strap offre plus d\u2019espace pour s\u2019adapter \u00e0 un plus grand nombre de pointures.<br \/>\n\u2022 La semelle ext\u00e9rieure comporte un nouveau motif pour plus d\u2019adh\u00e9rence.<\/p>\n","protected":false},"excerpt":{"rendered":"<p>UN CONFORT L\u00c9GENDAIRE REVISIT\u00c9 Les claquettes Nike Victori One revisitent un classique qui vous accompagnera de la plage aux gradins. L\u00e9g\u00e8re, confortable et facile \u00e0 porter, elle pr\u00e9sente une nouvelle mousse, plus souple et plus r\u00e9active. Le motif adh\u00e9rent enveloppe et maintient votre pied en place, tandis que le nouveau strap rembourr\u00e9 est confortable et [&#8230;]\n","protected":false},"featured_media":1604,"comment_status":"open","ping_status":"closed","template":"","meta":{"_acf_changed":false},"pwb-brand":[99],"product_brand":[],"product_cat":[115,120,117,15],"product_tag":[],"class_list":{"0":"post-713","1":"product","2":"type-product","3":"status-publish","4":"has-post-thumbnail","6":"pwb-brand-nike","7":"product_cat-chaussures-hommes","8":"product_cat-claquette-sandale-tong-homme","9":"product_cat-tous-nos-chaussures-hommes","10":"product_cat-uncategorized","12":"first","13":"instock","14":"shipping-taxable","15":"purchasable","16":"product-type-variable"},"acf":[],"aioseo_notices":[],"jetpack_sharing_enabled":true,"brands":[{"id":99,"name":"Nike","slug":"nike"}],"_links":{"self":[{"href":"https:\/\/mhb-store.com\/index.php\/wp-json\/wp\/v2\/product\/713","targetHints":{"allow":["GET"]}}],"collection":[{"href":"https:\/\/mhb-store.com\/index.php\/wp-json\/wp\/v2\/product"}],"about":[{"href":"https:\/\/mhb-store.com\/index.php\/wp-json\/wp\/v2\/types\/product"}],"replies":[{"embeddable":true,"href":"https:\/\/mhb-store.com\/index.php\/wp-json\/wp\/v2\/comments?post=713"}],"wp:featuredmedia":[{"embeddable":true,"href":"https:\/\/mhb-store.com\/index.php\/wp-json\/wp\/v2\/media\/1604"}],"wp:attachment":[{"href":"https:\/\/mhb-store.com\/index.php\/wp-json\/wp\/v2\/media?parent=713"}],"wp:term":[{"taxonomy":"pwb-brand","embeddable":true,"href":"https:\/\/mhb-store.com\/index.php\/wp-json\/wp\/v2\/pwb-brand?post=713"},{"taxonomy":"product_brand","embeddable":true,"href":"https:\/\/mhb-store.com\/index.php\/wp-json\/wp\/v2\/product_brand?post=713"},{"taxonomy":"product_cat","embeddable":true,"href":"https:\/\/mhb-store.com\/index.php\/wp-json\/wp\/v2\/product_cat?post=713"},{"taxonomy":"product_tag","embeddable":true,"href":"https:\/\/mhb-store.com\/index.php\/wp-json\/wp\/v2\/product_tag?post=713"}],"curies":[{"name":"wp","href":"https:\/\/api.w.org\/{rel}","templated":true}]}}