{"id":854,"date":"2024-03-19T00:24:19","date_gmt":"2024-03-18T23:24:19","guid":{"rendered":"https:\/\/mhb-store.com\/?post_type=product&#038;p=854"},"modified":"2026-03-12T05:38:14","modified_gmt":"2026-03-12T04:38:14","slug":"nike-air-winflo-9","status":"publish","type":"product","link":"https:\/\/mhb-store.com\/index.php\/product\/nike-air-winflo-9\/","title":{"rendered":"Nike Air Winflo 9"},"content":{"rendered":"<p>Partenaire de votre quotidien, la chaussure Nike Air Winflo 9 pour homme vous apporte l&rsquo;\u00e9nergie n\u00e9cessaire pour le bon d\u00e9roulement de vos s\u00e9ances de running.<br \/>\nMarque\tNike<br \/>\nNo. du fabricant\tDD6203-401<br \/>\nCouleur\tBleu marine<br \/>\nCat\u00e9gorie\tRunning<br \/>\nGenre\tHomme<\/p>\n","protected":false},"excerpt":{"rendered":"<p>Partenaire de votre quotidien, la chaussure Nike Air Winflo 9 pour homme vous apporte l&rsquo;\u00e9nergie n\u00e9cessaire pour le bon d\u00e9roulement de vos s\u00e9ances de running. Marque Nike No. du fabricant DD6203-401 Couleur Bleu marine Cat\u00e9gorie Running Genre Homme<\/p>\n","protected":false},"featured_media":855,"comment_status":"open","ping_status":"closed","template":"","meta":{"_acf_changed":false},"pwb-brand":[99],"product_brand":[],"product_cat":[156,155,119,118,117],"product_tag":[],"class_list":{"0":"post-854","1":"product","2":"type-product","3":"status-publish","4":"has-post-thumbnail","6":"pwb-brand-nike","7":"product_cat-promo-hommes","8":"product_cat-promo","9":"product_cat-football","10":"product_cat-basket-homme","11":"product_cat-tous-nos-chaussures-hommes","13":"first","14":"instock","15":"sale","16":"shipping-taxable","17":"purchasable","18":"product-type-variable"},"acf":[],"aioseo_notices":[],"jetpack_sharing_enabled":true,"brands":[{"id":99,"name":"Nike","slug":"nike"}],"_links":{"self":[{"href":"https:\/\/mhb-store.com\/index.php\/wp-json\/wp\/v2\/product\/854","targetHints":{"allow":["GET"]}}],"collection":[{"href":"https:\/\/mhb-store.com\/index.php\/wp-json\/wp\/v2\/product"}],"about":[{"href":"https:\/\/mhb-store.com\/index.php\/wp-json\/wp\/v2\/types\/product"}],"replies":[{"embeddable":true,"href":"https:\/\/mhb-store.com\/index.php\/wp-json\/wp\/v2\/comments?post=854"}],"wp:featuredmedia":[{"embeddable":true,"href":"https:\/\/mhb-store.com\/index.php\/wp-json\/wp\/v2\/media\/855"}],"wp:attachment":[{"href":"https:\/\/mhb-store.com\/index.php\/wp-json\/wp\/v2\/media?parent=854"}],"wp:term":[{"taxonomy":"pwb-brand","embeddable":true,"href":"https:\/\/mhb-store.com\/index.php\/wp-json\/wp\/v2\/pwb-brand?post=854"},{"taxonomy":"product_brand","embeddable":true,"href":"https:\/\/mhb-store.com\/index.php\/wp-json\/wp\/v2\/product_brand?post=854"},{"taxonomy":"product_cat","embeddable":true,"href":"https:\/\/mhb-store.com\/index.php\/wp-json\/wp\/v2\/product_cat?post=854"},{"taxonomy":"product_tag","embeddable":true,"href":"https:\/\/mhb-store.com\/index.php\/wp-json\/wp\/v2\/product_tag?post=854"}],"curies":[{"name":"wp","href":"https:\/\/api.w.org\/{rel}","templated":true}]}}