{"id":865,"date":"2024-03-19T00:30:12","date_gmt":"2024-03-18T23:30:12","guid":{"rendered":"https:\/\/mhb-store.com\/?post_type=product&#038;p=865"},"modified":"2026-03-13T23:28:37","modified_gmt":"2026-03-13T22:28:37","slug":"nike-quest-4","status":"publish","type":"product","link":"https:\/\/mhb-store.com\/index.php\/product\/nike-quest-4\/","title":{"rendered":"NIKE QUEST 4"},"content":{"rendered":"<p>MINIMALISTE ET L\u00c9G\u00c8RE, CON\u00c7UE POUR LA VITESSE La qu\u00eate de la vitesse se poursuit avec la Nike Quest 4. Des couches de mousse plus hautes et un amorti confortable s\u2019associent \u00e0 une empeigne l\u00e9g\u00e8re qui offre un maintien s\u00e9curis\u00e9. Ses d\u00e9tails intuitifs en font un indispensable du runner au quotidien.<\/p>\n","protected":false},"excerpt":{"rendered":"<p>MINIMALISTE ET L\u00c9G\u00c8RE, CON\u00c7UE POUR LA VITESSE La qu\u00eate de la vitesse se poursuit avec la Nike Quest 4. Des couches de mousse plus hautes et un amorti confortable s\u2019associent \u00e0 une empeigne l\u00e9g\u00e8re qui offre un maintien s\u00e9curis\u00e9. Ses d\u00e9tails intuitifs en font un indispensable du runner au quotidien.<\/p>\n","protected":false},"featured_media":869,"comment_status":"open","ping_status":"closed","template":"","meta":{"_acf_changed":false},"pwb-brand":[99],"product_brand":[],"product_cat":[156,119,118,117],"product_tag":[],"class_list":{"0":"post-865","1":"product","2":"type-product","3":"status-publish","4":"has-post-thumbnail","6":"pwb-brand-nike","7":"product_cat-promo-hommes","8":"product_cat-football","9":"product_cat-basket-homme","10":"product_cat-tous-nos-chaussures-hommes","12":"first","13":"outofstock","14":"sale","15":"shipping-taxable","16":"purchasable","17":"product-type-variable"},"acf":[],"aioseo_notices":[],"jetpack_sharing_enabled":true,"brands":[{"id":99,"name":"Nike","slug":"nike"}],"_links":{"self":[{"href":"https:\/\/mhb-store.com\/index.php\/wp-json\/wp\/v2\/product\/865","targetHints":{"allow":["GET"]}}],"collection":[{"href":"https:\/\/mhb-store.com\/index.php\/wp-json\/wp\/v2\/product"}],"about":[{"href":"https:\/\/mhb-store.com\/index.php\/wp-json\/wp\/v2\/types\/product"}],"replies":[{"embeddable":true,"href":"https:\/\/mhb-store.com\/index.php\/wp-json\/wp\/v2\/comments?post=865"}],"wp:featuredmedia":[{"embeddable":true,"href":"https:\/\/mhb-store.com\/index.php\/wp-json\/wp\/v2\/media\/869"}],"wp:attachment":[{"href":"https:\/\/mhb-store.com\/index.php\/wp-json\/wp\/v2\/media?parent=865"}],"wp:term":[{"taxonomy":"pwb-brand","embeddable":true,"href":"https:\/\/mhb-store.com\/index.php\/wp-json\/wp\/v2\/pwb-brand?post=865"},{"taxonomy":"product_brand","embeddable":true,"href":"https:\/\/mhb-store.com\/index.php\/wp-json\/wp\/v2\/product_brand?post=865"},{"taxonomy":"product_cat","embeddable":true,"href":"https:\/\/mhb-store.com\/index.php\/wp-json\/wp\/v2\/product_cat?post=865"},{"taxonomy":"product_tag","embeddable":true,"href":"https:\/\/mhb-store.com\/index.php\/wp-json\/wp\/v2\/product_tag?post=865"}],"curies":[{"name":"wp","href":"https:\/\/api.w.org\/{rel}","templated":true}]}}