{"id":884,"date":"2024-03-19T00:52:06","date_gmt":"2024-03-18T23:52:06","guid":{"rendered":"https:\/\/mhb-store.com\/?post_type=product&#038;p=884"},"modified":"2026-03-12T05:36:38","modified_gmt":"2026-03-12T04:36:38","slug":"nike-air-max-90-terrascape-pomegranate","status":"publish","type":"product","link":"https:\/\/mhb-store.com\/index.php\/product\/nike-air-max-90-terrascape-pomegranate\/","title":{"rendered":"Nike Air Max 90 Terrascape Pomegranate"},"content":{"rendered":"<p>La chaussure Nike Air Max 90 conserve les lignes classiques du mod\u00e8le d&rsquo;origine de 1990 et l&rsquo;amorti qui l&rsquo;ont rendue c\u00e9l\u00e8bre.<\/p>\n<p>Couleur Affich\u00e9e : Blanc sommet\/Rose vernis<br \/>\nArticle : DC9450 100<br \/>\nMod\u00e8le : Mixte<\/p>\n","protected":false},"excerpt":{"rendered":"<p>La chaussure Nike Air Max 90 conserve les lignes classiques du mod\u00e8le d&rsquo;origine de 1990 et l&rsquo;amorti qui l&rsquo;ont rendue c\u00e9l\u00e8bre. Couleur Affich\u00e9e : Blanc sommet\/Rose vernis Article : DC9450 100 Mod\u00e8le : Mixte<\/p>\n","protected":false},"featured_media":892,"comment_status":"open","ping_status":"closed","template":"","meta":{"_acf_changed":false},"pwb-brand":[99],"product_brand":[],"product_cat":[131,157,156,119,118,117,130],"product_tag":[],"class_list":{"0":"post-884","1":"product","2":"type-product","3":"status-publish","4":"has-post-thumbnail","6":"pwb-brand-nike","7":"product_cat-basket-tendance-femme","8":"product_cat-promo-femmes","9":"product_cat-promo-hommes","10":"product_cat-football","11":"product_cat-basket-homme","12":"product_cat-tous-nos-chaussures-hommes","13":"product_cat-toutes-les-chaussures-femme","15":"first","16":"instock","17":"sale","18":"shipping-taxable","19":"purchasable","20":"product-type-variable"},"acf":[],"aioseo_notices":[],"jetpack_sharing_enabled":true,"brands":[{"id":99,"name":"Nike","slug":"nike"}],"_links":{"self":[{"href":"https:\/\/mhb-store.com\/index.php\/wp-json\/wp\/v2\/product\/884","targetHints":{"allow":["GET"]}}],"collection":[{"href":"https:\/\/mhb-store.com\/index.php\/wp-json\/wp\/v2\/product"}],"about":[{"href":"https:\/\/mhb-store.com\/index.php\/wp-json\/wp\/v2\/types\/product"}],"replies":[{"embeddable":true,"href":"https:\/\/mhb-store.com\/index.php\/wp-json\/wp\/v2\/comments?post=884"}],"wp:featuredmedia":[{"embeddable":true,"href":"https:\/\/mhb-store.com\/index.php\/wp-json\/wp\/v2\/media\/892"}],"wp:attachment":[{"href":"https:\/\/mhb-store.com\/index.php\/wp-json\/wp\/v2\/media?parent=884"}],"wp:term":[{"taxonomy":"pwb-brand","embeddable":true,"href":"https:\/\/mhb-store.com\/index.php\/wp-json\/wp\/v2\/pwb-brand?post=884"},{"taxonomy":"product_brand","embeddable":true,"href":"https:\/\/mhb-store.com\/index.php\/wp-json\/wp\/v2\/product_brand?post=884"},{"taxonomy":"product_cat","embeddable":true,"href":"https:\/\/mhb-store.com\/index.php\/wp-json\/wp\/v2\/product_cat?post=884"},{"taxonomy":"product_tag","embeddable":true,"href":"https:\/\/mhb-store.com\/index.php\/wp-json\/wp\/v2\/product_tag?post=884"}],"curies":[{"name":"wp","href":"https:\/\/api.w.org\/{rel}","templated":true}]}}