{"id":893,"date":"2024-03-19T00:59:41","date_gmt":"2024-03-18T23:59:41","guid":{"rendered":"https:\/\/mhb-store.com\/?post_type=product&#038;p=893"},"modified":"2026-03-12T05:36:01","modified_gmt":"2026-03-12T04:36:01","slug":"nike-renew-element-55","status":"publish","type":"product","link":"https:\/\/mhb-store.com\/index.php\/product\/nike-renew-element-55\/","title":{"rendered":"Nike Renew Element 55"},"content":{"rendered":"<p>Les chaussures confortables de Nike Nike Renew Element 55 GS (CK4081-002) CK4081-002 sont le choix parfait pour toutes les tenues quotidiennes. Ces chaussures ajouteront du style \u00e0 votre garde-robe. Mettez-les et allez vous promener, travailler ou explorer de nouveaux endroits. Tu d\u00e9cides! Les chaussures sont conserv\u00e9es en couleur: Gris, la tige est compos\u00e9e de: Mati\u00e8re synth\u00e9tique, la doublure est compos\u00e9e de: Mati\u00e8re synth\u00e9tique et offre confort et commodit\u00e9 pour vos pieds. Le tout est compl\u00e9t\u00e9 par une semelle en: Caoutchouc. Choisissez les chaussures qui vous conviennent le mieux et laissez Sneakerpeeker vous rendre plus heureux<br \/>\nTige:\tMati\u00e8re synth\u00e9tique, Mati\u00e8re textile<br \/>\nStyl:\tSport<br \/>\nSymbole:\tCK4081-002<br \/>\nMat\u00e9riel interne:\tMat\u00e9riel<br \/>\nSemelle:\tCaoutchouc<br \/>\nCouleur:\tGris<br \/>\nMod\u00e8le:\tChaussures de jogging \/ d`entrea\u00eenement<br \/>\nSaison:\tToute l&rsquo;ann\u00e9e<br \/>\nCat\u00e9gorie:\tChaussure<br \/>\nHauteur des chaussures:\tLow Top<\/p>\n","protected":false},"excerpt":{"rendered":"<p>Les chaussures confortables de Nike Nike Renew Element 55 GS (CK4081-002) CK4081-002 sont le choix parfait pour toutes les tenues quotidiennes. Ces chaussures ajouteront du style \u00e0 votre garde-robe. Mettez-les et allez vous promener, travailler ou explorer de nouveaux endroits. Tu d\u00e9cides! Les chaussures sont conserv\u00e9es en couleur: Gris, la tige est compos\u00e9e de: Mati\u00e8re [&#8230;]\n","protected":false},"featured_media":894,"comment_status":"open","ping_status":"closed","template":"","meta":{"_acf_changed":false},"pwb-brand":[99],"product_brand":[],"product_cat":[145,131,158,157,156,132,119,118,130,117],"product_tag":[],"class_list":{"0":"post-893","1":"product","2":"type-product","3":"status-publish","4":"has-post-thumbnail","6":"pwb-brand-nike","7":"product_cat-ados36-42","8":"product_cat-basket-tendance-femme","9":"product_cat-promo-enfant","10":"product_cat-promo-femmes","11":"product_cat-promo-hommes","12":"product_cat-running-femme","13":"product_cat-football","14":"product_cat-basket-homme","15":"product_cat-toutes-les-chaussures-femme","16":"product_cat-tous-nos-chaussures-hommes","18":"first","19":"instock","20":"sale","21":"shipping-taxable","22":"purchasable","23":"product-type-variable"},"acf":[],"aioseo_notices":[],"jetpack_sharing_enabled":true,"brands":[{"id":99,"name":"Nike","slug":"nike"}],"_links":{"self":[{"href":"https:\/\/mhb-store.com\/index.php\/wp-json\/wp\/v2\/product\/893","targetHints":{"allow":["GET"]}}],"collection":[{"href":"https:\/\/mhb-store.com\/index.php\/wp-json\/wp\/v2\/product"}],"about":[{"href":"https:\/\/mhb-store.com\/index.php\/wp-json\/wp\/v2\/types\/product"}],"replies":[{"embeddable":true,"href":"https:\/\/mhb-store.com\/index.php\/wp-json\/wp\/v2\/comments?post=893"}],"wp:featuredmedia":[{"embeddable":true,"href":"https:\/\/mhb-store.com\/index.php\/wp-json\/wp\/v2\/media\/894"}],"wp:attachment":[{"href":"https:\/\/mhb-store.com\/index.php\/wp-json\/wp\/v2\/media?parent=893"}],"wp:term":[{"taxonomy":"pwb-brand","embeddable":true,"href":"https:\/\/mhb-store.com\/index.php\/wp-json\/wp\/v2\/pwb-brand?post=893"},{"taxonomy":"product_brand","embeddable":true,"href":"https:\/\/mhb-store.com\/index.php\/wp-json\/wp\/v2\/product_brand?post=893"},{"taxonomy":"product_cat","embeddable":true,"href":"https:\/\/mhb-store.com\/index.php\/wp-json\/wp\/v2\/product_cat?post=893"},{"taxonomy":"product_tag","embeddable":true,"href":"https:\/\/mhb-store.com\/index.php\/wp-json\/wp\/v2\/product_tag?post=893"}],"curies":[{"name":"wp","href":"https:\/\/api.w.org\/{rel}","templated":true}]}}