{"id":921,"date":"2024-03-22T16:15:13","date_gmt":"2024-03-22T15:15:13","guid":{"rendered":"https:\/\/mhb-store.com\/?post_type=product&#038;p=921"},"modified":"2026-03-12T05:35:22","modified_gmt":"2026-03-12T04:35:22","slug":"puma-flyer-flex","status":"publish","type":"product","link":"https:\/\/mhb-store.com\/index.php\/product\/puma-flyer-flex\/","title":{"rendered":"PUMA \u2013 FLYER FLEX"},"content":{"rendered":"<p>Basket a Lacets sportswear homme Puma \u2013 195201-01 pour un maintien ferme lors de la marche.<br \/>\nEn noir pour des combinaisons infinies, ce sont les baskets id\u00e9ales pour vos balades ou vos<br \/>\nactivit\u00e9s sportives. Construction l\u00e9g\u00e8re et flexible pour plus de confort et de style.<br \/>\nSemelle intercalaire rembourr\u00e9e pour un maximum de confort lors de l&rsquo;ajustement.<\/p>\n","protected":false},"excerpt":{"rendered":"<p>Basket a Lacets sportswear homme Puma \u2013 195201-01 pour un maintien ferme lors de la marche. En noir pour des combinaisons infinies, ce sont les baskets id\u00e9ales pour vos balades ou vos activit\u00e9s sportives. Construction l\u00e9g\u00e8re et flexible pour plus de confort et de style. Semelle intercalaire rembourr\u00e9e pour un maximum de confort lors de [&#8230;]\n","protected":false},"featured_media":928,"comment_status":"open","ping_status":"closed","template":"","meta":{"_acf_changed":false},"pwb-brand":[102],"product_brand":[],"product_cat":[115,156,155,119,118,117],"product_tag":[],"class_list":{"0":"post-921","1":"product","2":"type-product","3":"status-publish","4":"has-post-thumbnail","6":"pwb-brand-puma","7":"product_cat-chaussures-hommes","8":"product_cat-promo-hommes","9":"product_cat-promo","10":"product_cat-football","11":"product_cat-basket-homme","12":"product_cat-tous-nos-chaussures-hommes","14":"first","15":"instock","16":"sale","17":"shipping-taxable","18":"purchasable","19":"product-type-variable"},"acf":[],"aioseo_notices":[],"jetpack_sharing_enabled":true,"brands":[{"id":102,"name":"PUMA","slug":"puma"}],"_links":{"self":[{"href":"https:\/\/mhb-store.com\/index.php\/wp-json\/wp\/v2\/product\/921","targetHints":{"allow":["GET"]}}],"collection":[{"href":"https:\/\/mhb-store.com\/index.php\/wp-json\/wp\/v2\/product"}],"about":[{"href":"https:\/\/mhb-store.com\/index.php\/wp-json\/wp\/v2\/types\/product"}],"replies":[{"embeddable":true,"href":"https:\/\/mhb-store.com\/index.php\/wp-json\/wp\/v2\/comments?post=921"}],"wp:featuredmedia":[{"embeddable":true,"href":"https:\/\/mhb-store.com\/index.php\/wp-json\/wp\/v2\/media\/928"}],"wp:attachment":[{"href":"https:\/\/mhb-store.com\/index.php\/wp-json\/wp\/v2\/media?parent=921"}],"wp:term":[{"taxonomy":"pwb-brand","embeddable":true,"href":"https:\/\/mhb-store.com\/index.php\/wp-json\/wp\/v2\/pwb-brand?post=921"},{"taxonomy":"product_brand","embeddable":true,"href":"https:\/\/mhb-store.com\/index.php\/wp-json\/wp\/v2\/product_brand?post=921"},{"taxonomy":"product_cat","embeddable":true,"href":"https:\/\/mhb-store.com\/index.php\/wp-json\/wp\/v2\/product_cat?post=921"},{"taxonomy":"product_tag","embeddable":true,"href":"https:\/\/mhb-store.com\/index.php\/wp-json\/wp\/v2\/product_tag?post=921"}],"curies":[{"name":"wp","href":"https:\/\/api.w.org\/{rel}","templated":true}]}}