{"id":944,"date":"2024-03-22T16:27:24","date_gmt":"2024-03-22T15:27:24","guid":{"rendered":"https:\/\/mhb-store.com\/?post_type=product&#038;p=944"},"modified":"2026-03-12T05:27:42","modified_gmt":"2026-03-12T04:27:42","slug":"puma-softride-enzo-nxt","status":"publish","type":"product","link":"https:\/\/mhb-store.com\/index.php\/product\/puma-softride-enzo-nxt\/","title":{"rendered":"Puma Softride Enzo Nxt"},"content":{"rendered":"<p>eure : autre, caoutchouc ; Semelle interm\u00e9diaire : Autre ; Tige : textile ; Premi\u00e8re de propret\u00e9 : textile<\/p>\n","protected":false},"excerpt":{"rendered":"<p>eure : autre, caoutchouc ; Semelle interm\u00e9diaire : Autre ; Tige : textile ; Premi\u00e8re de propret\u00e9 : textile<\/p>\n","protected":false},"featured_media":945,"comment_status":"open","ping_status":"closed","template":"","meta":{"_acf_changed":false},"pwb-brand":[102],"product_brand":[],"product_cat":[115,156,119,118,117],"product_tag":[],"class_list":{"0":"post-944","1":"product","2":"type-product","3":"status-publish","4":"has-post-thumbnail","6":"pwb-brand-puma","7":"product_cat-chaussures-hommes","8":"product_cat-promo-hommes","9":"product_cat-football","10":"product_cat-basket-homme","11":"product_cat-tous-nos-chaussures-hommes","13":"first","14":"instock","15":"sale","16":"shipping-taxable","17":"purchasable","18":"product-type-variable"},"acf":[],"aioseo_notices":[],"jetpack_sharing_enabled":true,"brands":[{"id":102,"name":"PUMA","slug":"puma"}],"_links":{"self":[{"href":"https:\/\/mhb-store.com\/index.php\/wp-json\/wp\/v2\/product\/944","targetHints":{"allow":["GET"]}}],"collection":[{"href":"https:\/\/mhb-store.com\/index.php\/wp-json\/wp\/v2\/product"}],"about":[{"href":"https:\/\/mhb-store.com\/index.php\/wp-json\/wp\/v2\/types\/product"}],"replies":[{"embeddable":true,"href":"https:\/\/mhb-store.com\/index.php\/wp-json\/wp\/v2\/comments?post=944"}],"wp:featuredmedia":[{"embeddable":true,"href":"https:\/\/mhb-store.com\/index.php\/wp-json\/wp\/v2\/media\/945"}],"wp:attachment":[{"href":"https:\/\/mhb-store.com\/index.php\/wp-json\/wp\/v2\/media?parent=944"}],"wp:term":[{"taxonomy":"pwb-brand","embeddable":true,"href":"https:\/\/mhb-store.com\/index.php\/wp-json\/wp\/v2\/pwb-brand?post=944"},{"taxonomy":"product_brand","embeddable":true,"href":"https:\/\/mhb-store.com\/index.php\/wp-json\/wp\/v2\/product_brand?post=944"},{"taxonomy":"product_cat","embeddable":true,"href":"https:\/\/mhb-store.com\/index.php\/wp-json\/wp\/v2\/product_cat?post=944"},{"taxonomy":"product_tag","embeddable":true,"href":"https:\/\/mhb-store.com\/index.php\/wp-json\/wp\/v2\/product_tag?post=944"}],"curies":[{"name":"wp","href":"https:\/\/api.w.org\/{rel}","templated":true}]}}