{"id":957,"date":"2024-03-22T18:41:57","date_gmt":"2024-03-22T17:41:57","guid":{"rendered":"https:\/\/mhb-store.com\/?post_type=product&#038;p=957"},"modified":"2026-03-12T05:24:39","modified_gmt":"2026-03-12T04:24:39","slug":"puma-mercedes-amg-wired-run-2","status":"publish","type":"product","link":"https:\/\/mhb-store.com\/index.php\/product\/puma-mercedes-amg-wired-run-2\/","title":{"rendered":"Puma Mercedes AMG Wired Run"},"content":{"rendered":"<p>HISTOIRE DU PRODUIT<br \/>\n\u00c9quipez-vous \u00e0 la mani\u00e8re des vrais fans avec nos chaussures de sport automobile Mercedes-AMG Petronas Motorsport F1 Wired Run, la c\u00e9l\u00e9bration parfaite du pedigree de Formule 1 qui est enti\u00e8rement compos\u00e9 de performances PUMA et de cadeaux Mercedes-AMG Petronas Motorsport. Cette chaussure remarquable est dot\u00e9e de la technologie EVA moul\u00e9e par injection IMEVA pour une sensation l\u00e9g\u00e8re et confortable et d&rsquo;une semelle int\u00e9rieure SoftFoam+ pour un enfilage instantan\u00e9, afin que vous puissiez \u00eatre pr\u00eat \u00e0 tout moment, partez avec les coloris embl\u00e9matiques de Mercedes-AMG Petronas Motorsport pour que votre le look du jour de la course est complet de la t\u00eate aux pieds.<br \/>\nCARACT\u00c9RISTIQUES ET AVANTAGES<br \/>\nIMEVA : le mat\u00e9riau PUMA pour une sensation de l\u00e9g\u00e8ret\u00e9 et de confort<br \/>\nSoftFoam+ : la semelle int\u00e9rieure confortable de PUMA pour un enfilage instantan\u00e9 et un confort durable qui offre un amorti doux \u00e0 chaque \u00e9tape de votre journ\u00e9e<br \/>\nD\u00c9TAILS<br \/>\nProfil de d\u00e9marrage bas<br \/>\nTige en mesh<br \/>\nSemelle ext\u00e9rieure IMEVA<br \/>\nPremi\u00e8re de propret\u00e9 Softfoam+<br \/>\nFermeture en dentelle<br \/>\nLogo PUMA Cat sur la languette<br \/>\nBande \u00e9lastique sur l&rsquo;avant-pied avec la marque audacieuse Mercedes-AMG Petronas Motorsport<\/p>\n","protected":false},"excerpt":{"rendered":"<p>HISTOIRE DU PRODUIT \u00c9quipez-vous \u00e0 la mani\u00e8re des vrais fans avec nos chaussures de sport automobile Mercedes-AMG Petronas Motorsport F1 Wired Run, la c\u00e9l\u00e9bration parfaite du pedigree de Formule 1 qui est enti\u00e8rement compos\u00e9 de performances PUMA et de cadeaux Mercedes-AMG Petronas Motorsport. Cette chaussure remarquable est dot\u00e9e de la technologie EVA moul\u00e9e par injection [&#8230;]\n","protected":false},"featured_media":958,"comment_status":"open","ping_status":"closed","template":"","meta":{"_acf_changed":false},"pwb-brand":[102],"product_brand":[],"product_cat":[115,156,155,119,118,117],"product_tag":[],"class_list":{"0":"post-957","1":"product","2":"type-product","3":"status-publish","4":"has-post-thumbnail","6":"pwb-brand-puma","7":"product_cat-chaussures-hommes","8":"product_cat-promo-hommes","9":"product_cat-promo","10":"product_cat-football","11":"product_cat-basket-homme","12":"product_cat-tous-nos-chaussures-hommes","14":"first","15":"instock","16":"sale","17":"shipping-taxable","18":"purchasable","19":"product-type-variable"},"acf":[],"aioseo_notices":[],"jetpack_sharing_enabled":true,"brands":[{"id":102,"name":"PUMA","slug":"puma"}],"_links":{"self":[{"href":"https:\/\/mhb-store.com\/index.php\/wp-json\/wp\/v2\/product\/957","targetHints":{"allow":["GET"]}}],"collection":[{"href":"https:\/\/mhb-store.com\/index.php\/wp-json\/wp\/v2\/product"}],"about":[{"href":"https:\/\/mhb-store.com\/index.php\/wp-json\/wp\/v2\/types\/product"}],"replies":[{"embeddable":true,"href":"https:\/\/mhb-store.com\/index.php\/wp-json\/wp\/v2\/comments?post=957"}],"wp:featuredmedia":[{"embeddable":true,"href":"https:\/\/mhb-store.com\/index.php\/wp-json\/wp\/v2\/media\/958"}],"wp:attachment":[{"href":"https:\/\/mhb-store.com\/index.php\/wp-json\/wp\/v2\/media?parent=957"}],"wp:term":[{"taxonomy":"pwb-brand","embeddable":true,"href":"https:\/\/mhb-store.com\/index.php\/wp-json\/wp\/v2\/pwb-brand?post=957"},{"taxonomy":"product_brand","embeddable":true,"href":"https:\/\/mhb-store.com\/index.php\/wp-json\/wp\/v2\/product_brand?post=957"},{"taxonomy":"product_cat","embeddable":true,"href":"https:\/\/mhb-store.com\/index.php\/wp-json\/wp\/v2\/product_cat?post=957"},{"taxonomy":"product_tag","embeddable":true,"href":"https:\/\/mhb-store.com\/index.php\/wp-json\/wp\/v2\/product_tag?post=957"}],"curies":[{"name":"wp","href":"https:\/\/api.w.org\/{rel}","templated":true}]}}